{"id":12,"date":"2026-02-03T16:51:10","date_gmt":"2026-02-03T15:51:10","guid":{"rendered":"https:\/\/www.salescockpit.ai\/?page_id=12"},"modified":"2026-02-06T18:44:10","modified_gmt":"2026-02-06T17:44:10","slug":"page-daccueil","status":"publish","type":"page","link":"https:\/\/www.salescockpit.ai\/","title":{"rendered":""},"content":{"rendered":"\t\t<div data-elementor-type=\"wp-page\" data-elementor-id=\"12\" class=\"elementor elementor-12\">\n\t\t\t\t<div class=\"elementor-element elementor-element-71aabbd e-flex e-con-boxed e-con e-parent\" data-id=\"71aabbd\" data-element_type=\"container\" data-e-type=\"container\" data-settings=\"{&quot;background_background&quot;:&quot;classic&quot;}\">\n\t\t\t\t\t<div class=\"e-con-inner\">\n\t\t<div class=\"elementor-element elementor-element-2c372d7 e-grid e-con-full e-con e-child\" data-id=\"2c372d7\" data-element_type=\"container\" data-e-type=\"container\">\n\t\t\t\t<div class=\"elementor-element elementor-element-166c096 elementor-widget elementor-widget-image\" data-id=\"166c096\" data-element_type=\"widget\" data-e-type=\"widget\" data-widget_type=\"image.default\">\n\t\t\t\t\t\t\t\t\t\t\t\t\t\t\t<img fetchpriority=\"high\" decoding=\"async\" width=\"815\" height=\"458\" src=\"https:\/\/www.salescockpit.ai\/wp-content\/uploads\/2026\/02\/sales-cockpit-1.png\" class=\"attachment-large size-large wp-image-66\" alt=\"\" srcset=\"https:\/\/www.salescockpit.ai\/wp-content\/uploads\/2026\/02\/sales-cockpit-1.png 815w, https:\/\/www.salescockpit.ai\/wp-content\/uploads\/2026\/02\/sales-cockpit-1-300x169.png 300w, https:\/\/www.salescockpit.ai\/wp-content\/uploads\/2026\/02\/sales-cockpit-1-768x432.png 768w\" sizes=\"(max-width: 815px) 100vw, 815px\" \/>\t\t\t\t\t\t\t\t\t\t\t\t\t\t\t<\/div>\n\t\t\t\t<div class=\"elementor-element elementor-element-bff04ce elementor-widget elementor-widget-image\" data-id=\"bff04ce\" data-element_type=\"widget\" data-e-type=\"widget\" data-widget_type=\"image.default\">\n\t\t\t\t\t\t\t\t\t\t\t\t\t\t\t<img decoding=\"async\" width=\"620\" height=\"380\" src=\"https:\/\/www.salescockpit.ai\/wp-content\/uploads\/2026\/02\/logo_frenchtech.jpg\" class=\"attachment-large size-large wp-image-95\" alt=\"\" srcset=\"https:\/\/www.salescockpit.ai\/wp-content\/uploads\/2026\/02\/logo_frenchtech.jpg 620w, https:\/\/www.salescockpit.ai\/wp-content\/uploads\/2026\/02\/logo_frenchtech-300x184.jpg 300w\" sizes=\"(max-width: 620px) 100vw, 620px\" \/>\t\t\t\t\t\t\t\t\t\t\t\t\t\t\t<\/div>\n\t\t\t\t<\/div>\n\t\t\t\t<div class=\"elementor-element elementor-element-57ebf50 elementor-widget elementor-widget-heading\" data-id=\"57ebf50\" data-element_type=\"widget\" data-e-type=\"widget\" data-widget_type=\"heading.default\">\n\t\t\t\t\t<h2 class=\"elementor-heading-title elementor-size-default\">The Commercial Intelligence &amp; Decision Platform<\/h2>\t\t\t\t<\/div>\n\t\t\t\t<div class=\"elementor-element elementor-element-e72279e elementor-widget elementor-widget-text-editor\" data-id=\"e72279e\" data-element_type=\"widget\" data-e-type=\"widget\" data-widget_type=\"text-editor.default\">\n\t\t\t\t\t\t\t\t\t<p>Directeurs Commerciaux, restez inform\u00e9s de mani\u00e8re privil\u00e9gi\u00e9e de nos innovations\u2026\u00a0<\/p>\t\t\t\t\t\t\t\t<\/div>\n\t\t\t\t\t<\/div>\n\t\t\t\t<\/div>\n\t\t<div class=\"elementor-element elementor-element-3fce3de e-flex e-con-boxed e-con e-parent\" data-id=\"3fce3de\" data-element_type=\"container\" data-e-type=\"container\" data-settings=\"{&quot;background_background&quot;:&quot;classic&quot;}\">\n\t\t\t\t\t<div class=\"e-con-inner\">\n\t\t\t\t<div class=\"elementor-element elementor-element-21e5efe elementor-widget elementor-widget-wp-widget-wpforms-widget\" data-id=\"21e5efe\" data-element_type=\"widget\" data-e-type=\"widget\" data-widget_type=\"wp-widget-wpforms-widget.default\">\n\t\t\t\t<div class=\"elementor-widget-container\">\n\t\t\t\t\t<div class=\"wpforms-container wpforms-container-full wpforms-render-modern\" id=\"wpforms-18\"><form id=\"wpforms-form-18\" class=\"wpforms-validate wpforms-form wpforms-ajax-form\" data-formid=\"18\" method=\"post\" enctype=\"multipart\/form-data\" action=\"\/index.php\/wp-json\/wp\/v2\/pages\/12\" data-token=\"9b84220e6a69662ddb986fa703314155\" data-token-time=\"1775323206\"><noscript class=\"wpforms-error-noscript\">Veuillez activer JavaScript dans votre navigateur pour remplir ce formulaire.<\/noscript><div id=\"wpforms-error-noscript\" style=\"display: none;\">Veuillez activer JavaScript dans votre navigateur pour remplir ce formulaire.<\/div><div class=\"wpforms-field-container\"><div id=\"wpforms-18-field_1-container\" class=\"wpforms-field wpforms-field-name\" data-field-id=\"1\"><fieldset><legend class=\"wpforms-field-label\">Nom <span class=\"wpforms-required-label\" aria-hidden=\"true\">*<\/span><\/legend><div class=\"wpforms-field-row wpforms-field-medium\"><div class=\"wpforms-field-row-block wpforms-first wpforms-one-half\"><input type=\"text\" id=\"wpforms-18-field_1\" class=\"wpforms-field-name-first wpforms-field-required\" name=\"wpforms[fields][1][first]\" aria-errormessage=\"wpforms-18-field_1-error\" required><label for=\"wpforms-18-field_1\" class=\"wpforms-field-sublabel after\">Pr\u00e9nom<\/label><\/div><div class=\"wpforms-field-row-block wpforms-one-half\"><input type=\"text\" id=\"wpforms-18-field_1-last\" class=\"wpforms-field-name-last wpforms-field-required\" name=\"wpforms[fields][1][last]\" aria-errormessage=\"wpforms-18-field_1-last-error\" required><label for=\"wpforms-18-field_1-last\" class=\"wpforms-field-sublabel after\">Nom<\/label><\/div><\/div><\/fieldset><\/div>\t\t<div id=\"wpforms-18-field_3-container\"\n\t\t\tclass=\"wpforms-field wpforms-field-text\"\n\t\t\tdata-field-type=\"text\"\n\t\t\tdata-field-id=\"3\"\n\t\t\t>\n\t\t\t<label class=\"wpforms-field-label\" for=\"wpforms-18-field_3\" >T\u00e9l\u00e9phone Nom Entreprise<\/label>\n\t\t\t<input type=\"text\" id=\"wpforms-18-field_3\" class=\"wpforms-field-medium\" name=\"wpforms[fields][3]\" >\n\t\t<\/div>\n\t\t<div id=\"wpforms-18-field_4-container\" class=\"wpforms-field wpforms-field-text\" data-field-id=\"4\"><label class=\"wpforms-field-label\" for=\"wpforms-18-field_4\">Entreprise<\/label><input type=\"text\" id=\"wpforms-18-field_4\" class=\"wpforms-field-medium\" name=\"wpforms[fields][4]\" aria-errormessage=\"wpforms-18-field_4-error\" ><\/div><div id=\"wpforms-18-field_2-container\" class=\"wpforms-field wpforms-field-email\" data-field-id=\"2\"><label class=\"wpforms-field-label\" for=\"wpforms-18-field_2\">E-mail <span class=\"wpforms-required-label\" aria-hidden=\"true\">*<\/span><\/label><input type=\"email\" id=\"wpforms-18-field_2\" class=\"wpforms-field-medium wpforms-field-required\" name=\"wpforms[fields][2]\" spellcheck=\"false\" aria-errormessage=\"wpforms-18-field_2-error\" required><\/div><div id=\"wpforms-18-field_5-container\" class=\"wpforms-field wpforms-field-text\" data-field-id=\"5\"><label class=\"wpforms-field-label\" for=\"wpforms-18-field_5\">T\u00e9l\u00e9phone<\/label><input type=\"text\" id=\"wpforms-18-field_5\" class=\"wpforms-field-medium\" name=\"wpforms[fields][5]\" aria-errormessage=\"wpforms-18-field_5-error\" ><\/div><script>\n\t\t\t\t( function() {\n\t\t\t\t\tconst style = document.createElement( 'style' );\n\t\t\t\t\tstyle.appendChild( document.createTextNode( '#wpforms-18-field_3-container { position: absolute !important; overflow: hidden !important; display: inline !important; height: 1px !important; width: 1px !important; z-index: -1000 !important; padding: 0 !important; } #wpforms-18-field_3-container input { visibility: hidden; } #wpforms-conversational-form-page #wpforms-18-field_3-container label { counter-increment: none; }' ) );\n\t\t\t\t\tdocument.head.appendChild( style );\n\t\t\t\t\tdocument.currentScript?.remove();\n\t\t\t\t} )();\n\t\t\t<\/script><\/div><!-- .wpforms-field-container --><div class=\"wpforms-submit-container\" ><input type=\"hidden\" name=\"wpforms[id]\" value=\"18\"><input type=\"hidden\" name=\"page_title\" value=\"\"><input type=\"hidden\" name=\"page_url\" value=\"https:\/\/www.salescockpit.ai\/index.php\/wp-json\/wp\/v2\/pages\/12\"><input type=\"hidden\" name=\"url_referer\" value=\"\"><button type=\"submit\" name=\"wpforms[submit]\" id=\"wpforms-submit-18\" class=\"wpforms-submit\" data-alt-text=\"Envoi...\" data-submit-text=\"Envoyer\" aria-live=\"assertive\" value=\"wpforms-submit\">Envoyer<\/button><img decoding=\"async\" src=\"https:\/\/www.salescockpit.ai\/wp-content\/plugins\/wpforms-lite\/assets\/images\/submit-spin.svg\" class=\"wpforms-submit-spinner\" style=\"display: none;\" width=\"26\" height=\"26\" alt=\"Chargement en cours\"><\/div><\/form><\/div>  <!-- .wpforms-container -->\t\t\t\t<\/div>\n\t\t\t\t<\/div>\n\t\t\t\t\t<\/div>\n\t\t\t\t<\/div>\n\t\t\t\t<\/div>\n\t\t","protected":false},"excerpt":{"rendered":"<p>The Commercial Intelligence &amp; Decision Platform Directeurs Commerciaux, restez inform\u00e9s de mani\u00e8re privil\u00e9gi\u00e9e de nos innovations\u2026\u00a0<\/p>\n","protected":false},"author":1,"featured_media":0,"parent":0,"menu_order":0,"comment_status":"closed","ping_status":"closed","template":"","meta":{"footnotes":""},"class_list":["post-12","page","type-page","status-publish","hentry"],"_links":{"self":[{"href":"https:\/\/www.salescockpit.ai\/index.php\/wp-json\/wp\/v2\/pages\/12","targetHints":{"allow":["GET"]}}],"collection":[{"href":"https:\/\/www.salescockpit.ai\/index.php\/wp-json\/wp\/v2\/pages"}],"about":[{"href":"https:\/\/www.salescockpit.ai\/index.php\/wp-json\/wp\/v2\/types\/page"}],"author":[{"embeddable":true,"href":"https:\/\/www.salescockpit.ai\/index.php\/wp-json\/wp\/v2\/users\/1"}],"replies":[{"embeddable":true,"href":"https:\/\/www.salescockpit.ai\/index.php\/wp-json\/wp\/v2\/comments?post=12"}],"version-history":[{"count":30,"href":"https:\/\/www.salescockpit.ai\/index.php\/wp-json\/wp\/v2\/pages\/12\/revisions"}],"predecessor-version":[{"id":98,"href":"https:\/\/www.salescockpit.ai\/index.php\/wp-json\/wp\/v2\/pages\/12\/revisions\/98"}],"wp:attachment":[{"href":"https:\/\/www.salescockpit.ai\/index.php\/wp-json\/wp\/v2\/media?parent=12"}],"curies":[{"name":"wp","href":"https:\/\/api.w.org\/{rel}","templated":true}]}}